{"id":11,"date":"2022-07-18T20:39:25","date_gmt":"2022-07-18T20:39:25","guid":{"rendered":"https:\/\/www.tequilaochomexico.com\/my-account\/"},"modified":"2022-12-06T18:20:06","modified_gmt":"2022-12-06T18:20:06","slug":"mi-cuenta","status":"publish","type":"page","link":"https:\/\/www.tequilaochomexico.com\/en\/mi-cuenta\/","title":{"rendered":"MY ACCOUNT"},"content":{"rendered":"<style>.elementor-11 .elementor-element.elementor-element-57989a79{margin-top:50px;margin-bottom:50px;}.elementor-11 .elementor-element.elementor-element-c16bc79 .elementor-heading-title{font-family:\"IM Fell English\", Sans-serif;text-transform:uppercase;}.elementor-11 .elementor-element.elementor-element-4ee4478{--tab-content-spacing:10px;--tabs-normal-color:#000000;--tabs-hover-color:#FFFFFF;--tabs-hover-border-color:#C1733C;--tabs-active-color:#FFFFFF;--tabs-active-border-color:#C1733C;--tabs-border-type:solid;--tabs-border-color:#CFCFCF;--tabs-border-radius:0px 0px 0px 0px;--tabs-spacing:10px;--sections-border-radius:3px 3px 3px 3px;--links-normal-color:#C1733C;--links-hover-color:#C1733C;--forms-buttons-normal-text-color:#FFFFFF;--forms-buttons-border-radius:0px 0px 0px 0px;}.elementor-11 .elementor-element.elementor-element-4ee4478 .e-my-account-tab .woocommerce .woocommerce-MyAccount-navigation ul li a{font-family:\"IM Fell English\", Sans-serif;text-transform:uppercase;border-width:1px 1px 1px 1px;}.elementor-11 .elementor-element.elementor-element-4ee4478 .e-my-account-tab .woocommerce .woocommerce-MyAccount-navigation ul li:not(.is-active) a{background-color:#FFFFFF;}.elementor-11 .elementor-element.elementor-element-4ee4478 .e-my-account-tab .woocommerce .woocommerce-MyAccount-navigation ul li a:hover{background-color:#C1733C;}.elementor-11 .elementor-element.elementor-element-4ee4478 .e-my-account-tab .woocommerce .woocommerce-MyAccount-navigation ul li.is-active a{background-color:#C1733C;}.elementor-11 .elementor-element.elementor-element-4ee4478 .e-my-account-tab:not(.e-my-account-tab__dashboard--custom) h2, .elementor-11 .elementor-element.elementor-element-4ee4478 .e-my-account-tab:not(.e-my-account-tab__dashboard--custom) h3{font-family:\"IM Fell English\", Sans-serif;font-size:20px;text-transform:uppercase;}.elementor-11 .elementor-element.elementor-element-4ee4478 button.button, .elementor-11 .elementor-element.elementor-element-4ee4478 #add_payment_method #payment #place_order{font-family:\"IM Fell English\", Sans-serif;font-weight:400;text-transform:uppercase;}.elementor-11 .elementor-element.elementor-element-4ee4478 .e-my-account-tab:not(.e-my-account-tab__dashboard--custom) .woocommerce-EditAccountForm .button, .elementor-11 .elementor-element.elementor-element-4ee4478 .e-my-account-tab:not(.e-my-account-tab__dashboard--custom) .woocommerce-address-fields .button, .elementor-11 .elementor-element.elementor-element-4ee4478 .e-my-account-tab:not(.e-my-account-tab__dashboard--custom) .woocommerce .login .button, .elementor-11 .elementor-element.elementor-element-4ee4478 .e-my-account-tab:not(.e-my-account-tab__dashboard--custom) .woocommerce .register .button, .elementor-11 .elementor-element.elementor-element-4ee4478 .e-my-account-tab:not(.e-my-account-tab__dashboard--custom) .woocommerce .woocommerce-ResetPassword .button, .elementor-11 .elementor-element.elementor-element-4ee4478 #add_payment_method #payment #place_order{background-color:#C1733C;}\/* Start Custom Fonts CSS *\/@font-face {\n\tfont-family: 'IM Fell English';\n\tfont-style: normal;\n\tfont-weight: normal;\n\tfont-display: auto;\n\tsrc: url('https:\/\/www.tequilaochomexico.com\/wp-content\/uploads\/2022\/07\/IMFellEnglish-Regular.ttf') format('truetype');\n}\n@font-face {\n\tfont-family: 'IM Fell English';\n\tfont-style: italic;\n\tfont-weight: normal;\n\tfont-display: auto;\n\tsrc: url('https:\/\/www.tequilaochomexico.com\/wp-content\/uploads\/2022\/07\/IMFellEnglish-Italic.ttf') format('truetype');\n}\n\/* End Custom Fonts CSS *\/<\/style>\t\t<div data-elementor-type=\"wp-page\" data-elementor-id=\"11\" class=\"elementor elementor-11\" data-elementor-post-type=\"page\">\n\t\t\t\t\t\t<section class=\"elementor-section elementor-top-section elementor-element elementor-element-57989a79 elementor-section-boxed elementor-section-height-default elementor-section-height-default\" data-id=\"57989a79\" data-element_type=\"section\" data-e-type=\"section\">\n\t\t\t\t\t\t<div class=\"elementor-container elementor-column-gap-default\">\n\t\t\t\t\t<div class=\"elementor-column elementor-col-100 elementor-top-column elementor-element elementor-element-5c93c03b\" data-id=\"5c93c03b\" data-element_type=\"column\" data-e-type=\"column\">\n\t\t\t<div class=\"elementor-widget-wrap elementor-element-populated\">\n\t\t\t\t\t\t<div class=\"elementor-element elementor-element-4ee4478 e-my-account-tabs-vertical elementor-widget elementor-widget-woocommerce-my-account\" data-id=\"4ee4478\" data-element_type=\"widget\" data-e-type=\"widget\" data-widget_type=\"woocommerce-my-account.default\">\n\t\t\t\t<div class=\"elementor-widget-container\">\n\t\t\t\t\t<div class=\"e-my-account-tab e-my-account-tab__\">\t\t\t<div class=\"woocommerce\"><\/div>\t\t<\/div>\n\t\t\t\t\t\t<\/div>\n\t\t\t\t<\/div>\n\t\t\t\t\t<\/div>\n\t\t<\/div>\n\t\t\t\t\t<\/div>\n\t\t<\/section>\n\t\t\t\t<\/div>","protected":false},"excerpt":{"rendered":"<p>Dashboard Mis Pedidos Descargas Mis Direcciones Detalles de Cuenta Appointments Salir Hola tequila8 (\u00bfno eres tequila8? Cerrar sesi\u00f3n) Desde el panel de control de tu cuenta puedes ver tus pedidos recientes, gestionar tus direcciones de env\u00edo y facturaci\u00f3n y editar tu contrase\u00f1a y los detalles de tu cuenta.<\/p>","protected":false},"author":1,"featured_media":0,"parent":0,"menu_order":0,"comment_status":"closed","ping_status":"closed","template":"elementor_header_footer","meta":{"footnotes":""},"class_list":["post-11","page","type-page","status-publish","hentry"],"_links":{"self":[{"href":"https:\/\/www.tequilaochomexico.com\/en\/wp-json\/wp\/v2\/pages\/11","targetHints":{"allow":["GET"]}}],"collection":[{"href":"https:\/\/www.tequilaochomexico.com\/en\/wp-json\/wp\/v2\/pages"}],"about":[{"href":"https:\/\/www.tequilaochomexico.com\/en\/wp-json\/wp\/v2\/types\/page"}],"author":[{"embeddable":true,"href":"https:\/\/www.tequilaochomexico.com\/en\/wp-json\/wp\/v2\/users\/1"}],"replies":[{"embeddable":true,"href":"https:\/\/www.tequilaochomexico.com\/en\/wp-json\/wp\/v2\/comments?post=11"}],"version-history":[{"count":0,"href":"https:\/\/www.tequilaochomexico.com\/en\/wp-json\/wp\/v2\/pages\/11\/revisions"}],"wp:attachment":[{"href":"https:\/\/www.tequilaochomexico.com\/en\/wp-json\/wp\/v2\/media?parent=11"}],"curies":[{"name":"wp","href":"https:\/\/api.w.org\/{rel}","templated":true}]}}