{"id":3303,"date":"2024-11-05T13:54:05","date_gmt":"2024-11-05T19:54:05","guid":{"rendered":"https:\/\/www.tequilaochomexico.com\/?page_id=3303"},"modified":"2024-12-10T15:50:18","modified_gmt":"2024-12-10T21:50:18","slug":"boutiques","status":"publish","type":"page","link":"https:\/\/www.tequilaochomexico.com\/en\/boutiques\/","title":{"rendered":"Boutiques"},"content":{"rendered":"<style>.elementor-3303 .elementor-element.elementor-element-5a9fab9 > .elementor-container{max-width:1000px;min-height:50vh;}.elementor-3303 .elementor-element.elementor-element-5a9fab9:not(.elementor-motion-effects-element-type-background), .elementor-3303 .elementor-element.elementor-element-5a9fab9 > .elementor-motion-effects-container > .elementor-motion-effects-layer{background-image:url(\"https:\/\/www.tequilaochomexico.com\/wp-content\/uploads\/2024\/03\/banner2.jpg\");background-position:center center;background-repeat:no-repeat;background-size:cover;}.elementor-3303 .elementor-element.elementor-element-5a9fab9 > .elementor-background-overlay{background-color:#0000004D;opacity:0.5;transition:background 0.3s, border-radius 0.3s, opacity 0.3s;}.elementor-3303 .elementor-element.elementor-element-5a9fab9{transition:background 0.3s, border 0.3s, border-radius 0.3s, box-shadow 0.3s;}.elementor-3303 .elementor-element.elementor-element-af682c2{text-align:center;}.elementor-3303 .elementor-element.elementor-element-af682c2 .elementor-heading-title{font-family:\"IM Fell English\", Sans-serif;font-size:50px;text-transform:uppercase;color:var( --e-global-color-a863fcd );}.elementor-3303 .elementor-element.elementor-element-aabfa7f:not(.elementor-motion-effects-element-type-background), .elementor-3303 .elementor-element.elementor-element-aabfa7f > .elementor-motion-effects-container > .elementor-motion-effects-layer{background-color:#F0F0F0;}.elementor-3303 .elementor-element.elementor-element-aabfa7f{transition:background 0.3s, border 0.3s, border-radius 0.3s, box-shadow 0.3s;padding:60px 0px 100px 0px;}.elementor-3303 .elementor-element.elementor-element-aabfa7f > .elementor-background-overlay{transition:background 0.3s, border-radius 0.3s, opacity 0.3s;}.elementor-3303 .elementor-element.elementor-element-2d677aa > .elementor-element-populated{padding:0px 50px 0px 50px;}.elementor-3303 .elementor-element.elementor-element-d41432b img{width:100%;}.elementor-3303 .elementor-element.elementor-element-358b1c4 .elementor-heading-title{font-family:\"Kantumruy Pro\", Sans-serif;font-size:22px;font-weight:bold;text-transform:uppercase;color:#000000;}.elementor-3303 .elementor-element.elementor-element-358b1c4 > .elementor-widget-container{margin:30px 0px 0px 0px;}.elementor-3303 .elementor-element.elementor-element-187bb21{text-align:justify;font-family:\"Roboto Mono\", Sans-serif;font-size:16px;line-height:1.5em;color:#000000;}.elementor-3303 .elementor-element.elementor-element-bdab476 .elementor-heading-title{font-family:\"Kantumruy Pro\", Sans-serif;font-size:22px;font-weight:bold;text-transform:uppercase;color:#000000;}.elementor-3303 .elementor-element.elementor-element-bdab476 > .elementor-widget-container{margin:30px 0px 0px 0px;}.elementor-3303 .elementor-element.elementor-element-b8aa7d4 .elementor-heading-title{font-family:\"Kantumruy Pro\", Sans-serif;font-size:22px;font-weight:bold;text-transform:uppercase;color:#000000;}.elementor-3303 .elementor-element.elementor-element-b8aa7d4 > .elementor-widget-container{margin:30px 0px 0px 0px;}.elementor-3303 .elementor-element.elementor-element-78672eb{text-align:justify;font-family:\"Roboto Mono\", Sans-serif;font-size:16px;line-height:1.5em;color:#000000;}.elementor-3303 .elementor-element.elementor-element-70db76f{text-align:start;}.elementor-3303 .elementor-element.elementor-element-70db76f img{width:90%;}@media(min-width:768px){.elementor-3303 .elementor-element.elementor-element-2d677aa{width:65%;}.elementor-3303 .elementor-element.elementor-element-1f567cc{width:34.956%;}}@media(max-width:1024px){.elementor-3303 .elementor-element.elementor-element-af682c2 .elementor-heading-title{font-size:40px;}.elementor-3303 .elementor-element.elementor-element-2d677aa > .elementor-element-populated{padding:0px 10px 0px 10px;}.elementor-3303 .elementor-element.elementor-element-70db76f img{width:100%;}}@media(max-width:767px){.elementor-3303 .elementor-element.elementor-element-af682c2 .elementor-heading-title{font-size:28px;}.elementor-3303 .elementor-element.elementor-element-187bb21 > .elementor-widget-container{margin:0px 0px 15px 0px;}.elementor-3303 .elementor-element.elementor-element-f3d3693{margin-top:0px;margin-bottom:0px;padding:0px 0px 0px 0px;}.elementor-3303 .elementor-element.elementor-element-f27f961 > .elementor-element-populated{padding:0px 0px 0px 0px;}.elementor-3303 .elementor-element.elementor-element-d2f040d > .elementor-element-populated{padding:15px 0px 0px 0px;}.elementor-3303 .elementor-element.elementor-element-6afbe0f > .elementor-element-populated{padding:15px 0px 0px 0px;}}\/* Start Custom Fonts CSS *\/@font-face {\n\tfont-family: 'IM Fell English';\n\tfont-style: normal;\n\tfont-weight: normal;\n\tfont-display: auto;\n\tsrc: url('https:\/\/www.tequilaochomexico.com\/wp-content\/uploads\/2022\/07\/IMFellEnglish-Regular.ttf') format('truetype');\n}\n@font-face {\n\tfont-family: 'IM Fell English';\n\tfont-style: italic;\n\tfont-weight: normal;\n\tfont-display: auto;\n\tsrc: url('https:\/\/www.tequilaochomexico.com\/wp-content\/uploads\/2022\/07\/IMFellEnglish-Italic.ttf') format('truetype');\n}\n\/* End Custom Fonts CSS *\/\n\/* Start Custom Fonts CSS *\/@font-face {\n\tfont-family: 'Kantumruy Pro';\n\tfont-style: normal;\n\tfont-weight: normal;\n\tfont-display: auto;\n\tsrc: url('https:\/\/www.tequilaochomexico.com\/wp-content\/uploads\/2022\/07\/KantumruyPro-VariableFont_wght.ttf') format('truetype');\n}\n@font-face {\n\tfont-family: 'Kantumruy Pro';\n\tfont-style: italic;\n\tfont-weight: normal;\n\tfont-display: auto;\n\tsrc: url('https:\/\/www.tequilaochomexico.com\/wp-content\/uploads\/2022\/07\/KantumruyPro-Italic-VariableFont_wght.ttf') format('truetype');\n}\n\/* End Custom Fonts CSS *\/<\/style>\t\t<div data-elementor-type=\"wp-page\" data-elementor-id=\"3303\" class=\"elementor elementor-3303\" data-elementor-post-type=\"page\">\n\t\t\t\t\t\t<section class=\"elementor-section elementor-top-section elementor-element elementor-element-5a9fab9 elementor-section-height-min-height elementor-section-boxed elementor-section-height-default elementor-section-items-middle\" data-id=\"5a9fab9\" data-element_type=\"section\" data-e-type=\"section\" data-settings=\"{&quot;background_background&quot;:&quot;classic&quot;}\">\n\t\t\t\t\t\t\t<div class=\"elementor-background-overlay\"><\/div>\n\t\t\t\t\t\t\t<div class=\"elementor-container elementor-column-gap-default\">\n\t\t\t\t\t<div class=\"elementor-column elementor-col-100 elementor-top-column elementor-element elementor-element-e2b997c\" data-id=\"e2b997c\" data-element_type=\"column\" data-e-type=\"column\">\n\t\t\t<div class=\"elementor-widget-wrap elementor-element-populated\">\n\t\t\t\t\t\t<div class=\"elementor-element elementor-element-af682c2 elementor-widget elementor-widget-heading\" data-id=\"af682c2\" data-element_type=\"widget\" data-e-type=\"widget\" data-widget_type=\"heading.default\">\n\t\t\t\t<div class=\"elementor-widget-container\">\n\t\t\t\t\t<h1 class=\"elementor-heading-title elementor-size-default\">A MEMORY IS TO LIVE AGAIN<\/h1>\t\t\t\t<\/div>\n\t\t\t\t<\/div>\n\t\t\t\t\t<\/div>\n\t\t<\/div>\n\t\t\t\t\t<\/div>\n\t\t<\/section>\n\t\t\t\t<section class=\"elementor-section elementor-top-section elementor-element elementor-element-aabfa7f elementor-section-full_width elementor-section-height-default elementor-section-height-default\" data-id=\"aabfa7f\" data-element_type=\"section\" data-e-type=\"section\" data-settings=\"{&quot;background_background&quot;:&quot;classic&quot;}\">\n\t\t\t\t\t\t<div class=\"elementor-container elementor-column-gap-default\">\n\t\t\t\t\t<div class=\"elementor-column elementor-col-50 elementor-top-column elementor-element elementor-element-2d677aa\" data-id=\"2d677aa\" data-element_type=\"column\" data-e-type=\"column\">\n\t\t\t<div class=\"elementor-widget-wrap elementor-element-populated\">\n\t\t\t\t\t\t<div class=\"elementor-element elementor-element-d41432b elementor-widget elementor-widget-image\" data-id=\"d41432b\" data-element_type=\"widget\" data-e-type=\"widget\" data-widget_type=\"image.default\">\n\t\t\t\t<div class=\"elementor-widget-container\">\n\t\t\t\t\t\t\t\t\t\t\t\t\t\t\t<img fetchpriority=\"high\" decoding=\"async\" width=\"2560\" height=\"1709\" src=\"https:\/\/www.tequilaochomexico.com\/wp-content\/uploads\/2023\/03\/DSC9766-scaled.jpg\" class=\"attachment-full size-full wp-image-2102\" alt=\"\" srcset=\"https:\/\/www.tequilaochomexico.com\/wp-content\/uploads\/2023\/03\/DSC9766-scaled.jpg 2560w, https:\/\/www.tequilaochomexico.com\/wp-content\/uploads\/2023\/03\/DSC9766-300x200.jpg 300w, https:\/\/www.tequilaochomexico.com\/wp-content\/uploads\/2023\/03\/DSC9766-1024x684.jpg 1024w, https:\/\/www.tequilaochomexico.com\/wp-content\/uploads\/2023\/03\/DSC9766-768x513.jpg 768w, https:\/\/www.tequilaochomexico.com\/wp-content\/uploads\/2023\/03\/DSC9766-1536x1025.jpg 1536w, https:\/\/www.tequilaochomexico.com\/wp-content\/uploads\/2023\/03\/DSC9766-2048x1367.jpg 2048w, https:\/\/www.tequilaochomexico.com\/wp-content\/uploads\/2023\/03\/DSC9766-600x401.jpg 600w, https:\/\/www.tequilaochomexico.com\/wp-content\/uploads\/2023\/03\/DSC9766-750x501.jpg 750w, https:\/\/www.tequilaochomexico.com\/wp-content\/uploads\/2023\/03\/DSC9766-1140x761.jpg 1140w\" sizes=\"(max-width: 2560px) 100vw, 2560px\" \/>\t\t\t\t\t\t\t\t\t\t\t\t\t\t\t<\/div>\n\t\t\t\t<\/div>\n\t\t\t\t<div class=\"elementor-element elementor-element-358b1c4 elementor-widget elementor-widget-heading\" data-id=\"358b1c4\" data-element_type=\"widget\" data-e-type=\"widget\" data-widget_type=\"heading.default\">\n\t\t\t\t<div class=\"elementor-widget-container\">\n\t\t\t\t\t<h3 class=\"elementor-heading-title elementor-size-default\">THE BEST OF OCHO IN YOUR HOME<\/h3>\t\t\t\t<\/div>\n\t\t\t\t<\/div>\n\t\t\t\t<div class=\"elementor-element elementor-element-187bb21 elementor-widget elementor-widget-text-editor\" data-id=\"187bb21\" data-element_type=\"widget\" data-e-type=\"widget\" data-widget_type=\"text-editor.default\">\n\t\t\t\t<div class=\"elementor-widget-container\">\n\t\t\t\t\t\t\t\t\tIn our hospitality center you will also find two shops. A shop that specializes in our tequilas, where you can find old harvests of Tequila Ocho, special products, and Tequila Curado. In addition, you will find a souvenir shop so you can take a memory of your visit with you wherever you go.\t\t\t\t\t\t\t\t<\/div>\n\t\t\t\t<\/div>\n\t\t\t\t<div class=\"elementor-element elementor-element-bdab476 elementor-widget elementor-widget-heading\" data-id=\"bdab476\" data-element_type=\"widget\" data-e-type=\"widget\" data-widget_type=\"heading.default\">\n\t\t\t\t<div class=\"elementor-widget-container\">\n\t\t\t\t\t<h3 class=\"elementor-heading-title elementor-size-default\">FEATURED PRODUCTS<\/h3>\t\t\t\t<\/div>\n\t\t\t\t<\/div>\n\t\t\t\t<section class=\"elementor-section elementor-inner-section elementor-element elementor-element-f3d3693 elementor-section-boxed elementor-section-height-default elementor-section-height-default\" data-id=\"f3d3693\" data-element_type=\"section\" data-e-type=\"section\">\n\t\t\t\t\t\t<div class=\"elementor-container elementor-column-gap-default\">\n\t\t\t\t\t<div class=\"elementor-column elementor-col-33 elementor-inner-column elementor-element elementor-element-f27f961\" data-id=\"f27f961\" data-element_type=\"column\" data-e-type=\"column\">\n\t\t\t<div class=\"elementor-widget-wrap elementor-element-populated\">\n\t\t\t\t\t\t<div class=\"elementor-element elementor-element-bdf3dd7 elementor-widget elementor-widget-image\" data-id=\"bdf3dd7\" data-element_type=\"widget\" data-e-type=\"widget\" data-widget_type=\"image.default\">\n\t\t\t\t<div class=\"elementor-widget-container\">\n\t\t\t\t\t\t\t\t\t\t\t\t\t\t\t<img decoding=\"async\" width=\"1200\" height=\"1800\" src=\"https:\/\/www.tequilaochomexico.com\/wp-content\/uploads\/2024\/03\/4.jpg\" class=\"attachment-full size-full wp-image-2634\" alt=\"\" srcset=\"https:\/\/www.tequilaochomexico.com\/wp-content\/uploads\/2024\/03\/4.jpg 1200w, https:\/\/www.tequilaochomexico.com\/wp-content\/uploads\/2024\/03\/4-200x300.jpg 200w, https:\/\/www.tequilaochomexico.com\/wp-content\/uploads\/2024\/03\/4-683x1024.jpg 683w, https:\/\/www.tequilaochomexico.com\/wp-content\/uploads\/2024\/03\/4-768x1152.jpg 768w, https:\/\/www.tequilaochomexico.com\/wp-content\/uploads\/2024\/03\/4-1024x1536.jpg 1024w, https:\/\/www.tequilaochomexico.com\/wp-content\/uploads\/2024\/03\/4-600x900.jpg 600w\" sizes=\"(max-width: 1200px) 100vw, 1200px\" \/>\t\t\t\t\t\t\t\t\t\t\t\t\t\t\t<\/div>\n\t\t\t\t<\/div>\n\t\t\t\t\t<\/div>\n\t\t<\/div>\n\t\t\t\t<div class=\"elementor-column elementor-col-33 elementor-inner-column elementor-element elementor-element-d2f040d\" data-id=\"d2f040d\" data-element_type=\"column\" data-e-type=\"column\">\n\t\t\t<div class=\"elementor-widget-wrap elementor-element-populated\">\n\t\t\t\t\t\t<div class=\"elementor-element elementor-element-edc042c elementor-widget elementor-widget-image\" data-id=\"edc042c\" data-element_type=\"widget\" data-e-type=\"widget\" data-widget_type=\"image.default\">\n\t\t\t\t<div class=\"elementor-widget-container\">\n\t\t\t\t\t\t\t\t\t\t\t\t\t\t\t<img decoding=\"async\" width=\"1200\" height=\"1800\" src=\"https:\/\/www.tequilaochomexico.com\/wp-content\/uploads\/2024\/03\/6.jpg\" class=\"attachment-full size-full wp-image-2636\" alt=\"\" srcset=\"https:\/\/www.tequilaochomexico.com\/wp-content\/uploads\/2024\/03\/6.jpg 1200w, https:\/\/www.tequilaochomexico.com\/wp-content\/uploads\/2024\/03\/6-200x300.jpg 200w, https:\/\/www.tequilaochomexico.com\/wp-content\/uploads\/2024\/03\/6-683x1024.jpg 683w, https:\/\/www.tequilaochomexico.com\/wp-content\/uploads\/2024\/03\/6-768x1152.jpg 768w, https:\/\/www.tequilaochomexico.com\/wp-content\/uploads\/2024\/03\/6-1024x1536.jpg 1024w, https:\/\/www.tequilaochomexico.com\/wp-content\/uploads\/2024\/03\/6-600x900.jpg 600w\" sizes=\"(max-width: 1200px) 100vw, 1200px\" \/>\t\t\t\t\t\t\t\t\t\t\t\t\t\t\t<\/div>\n\t\t\t\t<\/div>\n\t\t\t\t\t<\/div>\n\t\t<\/div>\n\t\t\t\t<div class=\"elementor-column elementor-col-33 elementor-inner-column elementor-element elementor-element-6afbe0f\" data-id=\"6afbe0f\" data-element_type=\"column\" data-e-type=\"column\">\n\t\t\t<div class=\"elementor-widget-wrap elementor-element-populated\">\n\t\t\t\t\t\t<div class=\"elementor-element elementor-element-f3d16e7 elementor-widget elementor-widget-image\" data-id=\"f3d16e7\" data-element_type=\"widget\" data-e-type=\"widget\" data-widget_type=\"image.default\">\n\t\t\t\t<div class=\"elementor-widget-container\">\n\t\t\t\t\t\t\t\t\t\t\t\t\t\t\t<img loading=\"lazy\" decoding=\"async\" width=\"1200\" height=\"1800\" src=\"https:\/\/www.tequilaochomexico.com\/wp-content\/uploads\/2024\/03\/5.jpg\" class=\"attachment-full size-full wp-image-2635\" alt=\"\" srcset=\"https:\/\/www.tequilaochomexico.com\/wp-content\/uploads\/2024\/03\/5.jpg 1200w, https:\/\/www.tequilaochomexico.com\/wp-content\/uploads\/2024\/03\/5-200x300.jpg 200w, https:\/\/www.tequilaochomexico.com\/wp-content\/uploads\/2024\/03\/5-683x1024.jpg 683w, https:\/\/www.tequilaochomexico.com\/wp-content\/uploads\/2024\/03\/5-768x1152.jpg 768w, https:\/\/www.tequilaochomexico.com\/wp-content\/uploads\/2024\/03\/5-1024x1536.jpg 1024w, https:\/\/www.tequilaochomexico.com\/wp-content\/uploads\/2024\/03\/5-600x900.jpg 600w\" sizes=\"(max-width: 1200px) 100vw, 1200px\" \/>\t\t\t\t\t\t\t\t\t\t\t\t\t\t\t<\/div>\n\t\t\t\t<\/div>\n\t\t\t\t\t<\/div>\n\t\t<\/div>\n\t\t\t\t\t<\/div>\n\t\t<\/section>\n\t\t\t\t\t<\/div>\n\t\t<\/div>\n\t\t\t\t<div class=\"elementor-column elementor-col-50 elementor-top-column elementor-element elementor-element-1f567cc\" data-id=\"1f567cc\" data-element_type=\"column\" data-e-type=\"column\">\n\t\t\t<div class=\"elementor-widget-wrap elementor-element-populated\">\n\t\t\t\t\t\t<div class=\"elementor-element elementor-element-b8aa7d4 elementor-widget elementor-widget-heading\" data-id=\"b8aa7d4\" data-element_type=\"widget\" data-e-type=\"widget\" data-widget_type=\"heading.default\">\n\t\t\t\t<div class=\"elementor-widget-container\">\n\t\t\t\t\t<h3 class=\"elementor-heading-title elementor-size-default\">INFORMATION<\/h3>\t\t\t\t<\/div>\n\t\t\t\t<\/div>\n\t\t\t\t<div class=\"elementor-element elementor-element-78672eb elementor-widget elementor-widget-text-editor\" data-id=\"78672eb\" data-element_type=\"widget\" data-e-type=\"widget\" data-widget_type=\"text-editor.default\">\n\t\t\t\t<div class=\"elementor-widget-container\">\n\t\t\t\t\t\t\t\t\t<p>OPEN<\/p><p><strong>Monday to Sunday<\/strong> from 11:00 am to 7:00 pm<\/p><p>\u00a0<\/p>\t\t\t\t\t\t\t\t<\/div>\n\t\t\t\t<\/div>\n\t\t\t\t<div class=\"elementor-element elementor-element-70db76f elementor-hidden-desktop elementor-hidden-tablet elementor-hidden-mobile elementor-widget elementor-widget-image\" data-id=\"70db76f\" data-element_type=\"widget\" data-e-type=\"widget\" data-widget_type=\"image.default\">\n\t\t\t\t<div class=\"elementor-widget-container\">\n\t\t\t\t\t\t\t\t\t\t\t\t\t\t\t\t<a href=\"https:\/\/www.tequilaochomexico.com\/en\/tours-2\/\">\n\t\t\t\t\t\t\t<img loading=\"lazy\" decoding=\"async\" width=\"547\" height=\"498\" src=\"https:\/\/www.tequilaochomexico.com\/wp-content\/uploads\/2022\/08\/tiendas-experiencia-img.png\" class=\"attachment-full size-full wp-image-604\" alt=\"\" srcset=\"https:\/\/www.tequilaochomexico.com\/wp-content\/uploads\/2022\/08\/tiendas-experiencia-img.png 547w, https:\/\/www.tequilaochomexico.com\/wp-content\/uploads\/2022\/08\/tiendas-experiencia-img-300x273.png 300w\" sizes=\"(max-width: 547px) 100vw, 547px\" \/>\t\t\t\t\t\t\t\t<\/a>\n\t\t\t\t\t\t\t\t\t\t\t\t\t\t\t<\/div>\n\t\t\t\t<\/div>\n\t\t\t\t\t<\/div>\n\t\t<\/div>\n\t\t\t\t\t<\/div>\n\t\t<\/section>\n\t\t\t\t<\/div>","protected":false},"excerpt":{"rendered":"<p>un recuerdo es volver a vivir Lo mejor de Ocho en tu hogar En nuestro centro de hospitalidad tambi\u00e9n encontrar\u00e1s dos tiendas. Una tienda especializada en nuestros tequilas, en donde podr\u00e1s encontrar cosechas viejas de Tequila Ocho, productos especiales, y Tequila Curado. Adem\u00e1s, encontrar\u00e1s una tienda de souvenirs para que te lleves un recuerdo de [&hellip;]<\/p>","protected":false},"author":1,"featured_media":0,"parent":0,"menu_order":0,"comment_status":"closed","ping_status":"closed","template":"elementor_header_footer","meta":{"footnotes":""},"class_list":["post-3303","page","type-page","status-publish","hentry"],"_links":{"self":[{"href":"https:\/\/www.tequilaochomexico.com\/en\/wp-json\/wp\/v2\/pages\/3303","targetHints":{"allow":["GET"]}}],"collection":[{"href":"https:\/\/www.tequilaochomexico.com\/en\/wp-json\/wp\/v2\/pages"}],"about":[{"href":"https:\/\/www.tequilaochomexico.com\/en\/wp-json\/wp\/v2\/types\/page"}],"author":[{"embeddable":true,"href":"https:\/\/www.tequilaochomexico.com\/en\/wp-json\/wp\/v2\/users\/1"}],"replies":[{"embeddable":true,"href":"https:\/\/www.tequilaochomexico.com\/en\/wp-json\/wp\/v2\/comments?post=3303"}],"version-history":[{"count":7,"href":"https:\/\/www.tequilaochomexico.com\/en\/wp-json\/wp\/v2\/pages\/3303\/revisions"}],"predecessor-version":[{"id":3486,"href":"https:\/\/www.tequilaochomexico.com\/en\/wp-json\/wp\/v2\/pages\/3303\/revisions\/3486"}],"wp:attachment":[{"href":"https:\/\/www.tequilaochomexico.com\/en\/wp-json\/wp\/v2\/media?parent=3303"}],"curies":[{"name":"wp","href":"https:\/\/api.w.org\/{rel}","templated":true}]}}