{"id":521,"date":"2022-08-12T10:27:47","date_gmt":"2022-08-12T10:27:47","guid":{"rendered":"https:\/\/www.tequilaochomexico.com\/?page_id=521"},"modified":"2022-12-23T20:26:42","modified_gmt":"2022-12-23T20:26:42","slug":"barrica-y-chocolate","status":"publish","type":"page","link":"https:\/\/www.tequilaochomexico.com\/en\/barrica-y-chocolate\/","title":{"rendered":"Barrica y chocolate"},"content":{"rendered":"<style>.elementor-521 .elementor-element.elementor-element-b8aca91{padding:50px 50px 50px 50px;}.elementor-521 .elementor-element.elementor-element-50a908d > .elementor-element-populated{margin:0px 0px 0px 0px;--e-column-margin-right:0px;--e-column-margin-left:0px;padding:0px 0px 0px 0px;}.elementor-521 .elementor-element.elementor-element-f0b541d{text-align:start;}.elementor-521 .elementor-element.elementor-element-f0b541d .elementor-heading-title{font-family:\"IM Fell English\", Sans-serif;font-size:50px;text-transform:uppercase;color:var( --e-global-color-ea8ddd7 );}.elementor-521 .elementor-element.elementor-element-f0b541d > .elementor-widget-container{margin:0px 0px 0px 0px;padding:0px 0px 50px 0px;}.elementor-521 .elementor-element.elementor-element-7613e42{text-align:justify;}.elementor-521 .elementor-element.elementor-element-7613e42 .elementor-heading-title{font-family:\"Roboto Mono\", Sans-serif;font-weight:normal;color:#000000;}.elementor-521 .elementor-element.elementor-element-7613e42 > .elementor-widget-container{padding:0px 100px 0px 0px;}.elementor-521 .elementor-element.elementor-element-14c2158 .elementor-heading-title{font-family:\"Roboto Mono\", Sans-serif;font-weight:normal;color:#4195CE;}.elementor-521 .elementor-element.elementor-element-8d0b5bc > .elementor-widget-container{padding:50px 0px 0px 0px;}.elementor-521 .elementor-element.elementor-element-6b90b55 > .elementor-element-populated{padding:0px 0px 0px 50px;}.elementor-521 .elementor-element.elementor-element-886f2fa .elementor-icon-list-items:not(.elementor-inline-items) .elementor-icon-list-item:not(:last-child){padding-block-end:calc(50px\/2);}.elementor-521 .elementor-element.elementor-element-886f2fa .elementor-icon-list-items:not(.elementor-inline-items) .elementor-icon-list-item:not(:first-child){margin-block-start:calc(50px\/2);}.elementor-521 .elementor-element.elementor-element-886f2fa .elementor-icon-list-items.elementor-inline-items .elementor-icon-list-item{margin-inline:calc(50px\/2);}.elementor-521 .elementor-element.elementor-element-886f2fa .elementor-icon-list-items.elementor-inline-items{margin-inline:calc(-50px\/2);}.elementor-521 .elementor-element.elementor-element-886f2fa .elementor-icon-list-items.elementor-inline-items .elementor-icon-list-item:after{inset-inline-end:calc(-50px\/2);}.elementor-521 .elementor-element.elementor-element-886f2fa .elementor-icon-list-icon i{color:#4195CE;transition:color 0.3s;}.elementor-521 .elementor-element.elementor-element-886f2fa .elementor-icon-list-icon svg{fill:#4195CE;transition:fill 0.3s;}.elementor-521 .elementor-element.elementor-element-886f2fa{--e-icon-list-icon-size:60px;--e-icon-list-icon-align:center;--e-icon-list-icon-margin:0 calc(var(--e-icon-list-icon-size, 1em) * 0.125);--icon-vertical-offset:0px;}.elementor-521 .elementor-element.elementor-element-886f2fa .elementor-icon-list-icon{padding-inline-end:15px;}.elementor-521 .elementor-element.elementor-element-886f2fa .elementor-icon-list-item > .elementor-icon-list-text, .elementor-521 .elementor-element.elementor-element-886f2fa .elementor-icon-list-item > a{font-family:\"Roboto Mono\", Sans-serif;font-weight:normal;}.elementor-521 .elementor-element.elementor-element-886f2fa .elementor-icon-list-text{color:#000000;transition:color 0.3s;}.elementor-521 .elementor-element.elementor-element-886f2fa > .elementor-widget-container{padding:50px 0px 0px 0px;}.elementor-521 .elementor-element.elementor-element-2df684a:not(.elementor-motion-effects-element-type-background), .elementor-521 .elementor-element.elementor-element-2df684a > .elementor-motion-effects-container > .elementor-motion-effects-layer{background-color:#BCC7CB;}.elementor-521 .elementor-element.elementor-element-2df684a{transition:background 0.3s, border 0.3s, border-radius 0.3s, box-shadow 0.3s;padding:50px 0px 100px 0px;}.elementor-521 .elementor-element.elementor-element-2df684a > .elementor-background-overlay{transition:background 0.3s, border-radius 0.3s, opacity 0.3s;}.elementor-521 .elementor-element.elementor-element-b0e7b72{text-align:center;}.elementor-521 .elementor-element.elementor-element-b0e7b72 .elementor-heading-title{font-family:\"IM Fell English\", Sans-serif;font-size:55px;text-transform:uppercase;color:var( --e-global-color-a863fcd );}.elementor-521 .elementor-element.elementor-element-b0e7b72 > .elementor-widget-container{padding:0px 0px 50px 0px;}.elementor-521 .elementor-element.elementor-element-b271341{text-align:center;}.elementor-521 .elementor-element.elementor-element-b271341 .elementor-heading-title{font-family:\"Roboto Mono\", Sans-serif;font-weight:normal;color:#000000;}@media(max-width:1024px){.elementor-521 .elementor-element.elementor-element-b8aca91{padding:10px 10px 10px 10px;}.elementor-521 .elementor-element.elementor-element-f0b541d .elementor-heading-title{font-size:40px;}.elementor-521 .elementor-element.elementor-element-7613e42 > .elementor-widget-container{padding:0px 30px 0px 0px;}.elementor-521 .elementor-element.elementor-element-6b90b55 > .elementor-element-populated{padding:0px 0px 0px 10px;}.elementor-521 .elementor-element.elementor-element-b0e7b72 .elementor-heading-title{font-size:40px;}}@media(max-width:767px){.elementor-521 .elementor-element.elementor-element-b8aca91{padding:50px 0px 50px 0px;}.elementor-521 .elementor-element.elementor-element-f0b541d .elementor-heading-title{font-size:35px;}.elementor-521 .elementor-element.elementor-element-8d0b5bc > .elementor-widget-container{padding:0px 0px 0px 0px;}.elementor-521 .elementor-element.elementor-element-b0e7b72 .elementor-heading-title{font-size:35px;}}\/* Start Custom Fonts CSS *\/@font-face {\n\tfont-family: 'IM Fell English';\n\tfont-style: normal;\n\tfont-weight: normal;\n\tfont-display: auto;\n\tsrc: url('https:\/\/www.tequilaochomexico.com\/wp-content\/uploads\/2022\/07\/IMFellEnglish-Regular.ttf') format('truetype');\n}\n@font-face {\n\tfont-family: 'IM Fell English';\n\tfont-style: italic;\n\tfont-weight: normal;\n\tfont-display: auto;\n\tsrc: url('https:\/\/www.tequilaochomexico.com\/wp-content\/uploads\/2022\/07\/IMFellEnglish-Italic.ttf') format('truetype');\n}\n\/* End Custom Fonts CSS *\/<\/style>\t\t<div data-elementor-type=\"wp-page\" data-elementor-id=\"521\" class=\"elementor elementor-521\" data-elementor-post-type=\"page\">\n\t\t\t\t\t\t<section class=\"elementor-section elementor-top-section elementor-element elementor-element-b8aca91 elementor-section-full_width elementor-section-height-default elementor-section-height-default\" data-id=\"b8aca91\" data-element_type=\"section\" data-e-type=\"section\">\n\t\t\t\t\t\t<div class=\"elementor-container elementor-column-gap-default\">\n\t\t\t\t\t<div class=\"elementor-column elementor-col-100 elementor-top-column elementor-element elementor-element-50a908d\" data-id=\"50a908d\" data-element_type=\"column\" data-e-type=\"column\">\n\t\t\t<div class=\"elementor-widget-wrap elementor-element-populated\">\n\t\t\t\t\t\t<section class=\"elementor-section elementor-inner-section elementor-element elementor-element-62ba118 elementor-section-full_width elementor-section-height-default elementor-section-height-default\" data-id=\"62ba118\" data-element_type=\"section\" data-e-type=\"section\">\n\t\t\t\t\t\t<div class=\"elementor-container elementor-column-gap-default\">\n\t\t\t\t\t<div class=\"elementor-column elementor-col-50 elementor-inner-column elementor-element elementor-element-5de2663\" data-id=\"5de2663\" data-element_type=\"column\" data-e-type=\"column\">\n\t\t\t<div class=\"elementor-widget-wrap elementor-element-populated\">\n\t\t\t\t\t\t<div class=\"elementor-element elementor-element-f0b541d elementor-widget elementor-widget-heading\" data-id=\"f0b541d\" data-element_type=\"widget\" data-e-type=\"widget\" data-widget_type=\"heading.default\">\n\t\t\t\t<div class=\"elementor-widget-container\">\n\t\t\t\t\t<h2 class=\"elementor-heading-title elementor-size-default\">Barrica y chocolate<\/h2>\t\t\t\t<\/div>\n\t\t\t\t<\/div>\n\t\t\t\t<div class=\"elementor-element elementor-element-7613e42 elementor-widget elementor-widget-heading\" data-id=\"7613e42\" data-element_type=\"widget\" data-e-type=\"widget\" data-widget_type=\"heading.default\">\n\t\t\t\t<div class=\"elementor-widget-container\">\n\t\t\t\t\t<span class=\"elementor-heading-title elementor-size-default\">Cata con nosotros nuestras famosas expresiones con madera, y vive una experiencia de maridaje con chocolates.\n<\/span>\t\t\t\t<\/div>\n\t\t\t\t<\/div>\n\t\t\t\t<div class=\"elementor-element elementor-element-14c2158 elementor-widget elementor-widget-heading\" data-id=\"14c2158\" data-element_type=\"widget\" data-e-type=\"widget\" data-widget_type=\"heading.default\">\n\t\t\t\t<div class=\"elementor-widget-container\">\n\t\t\t\t\t<span class=\"elementor-heading-title elementor-size-default\">*Groups of more than 15 people request via WhatsApp<\/span>\t\t\t\t<\/div>\n\t\t\t\t<\/div>\n\t\t\t\t<div class=\"elementor-element elementor-element-8d0b5bc elementor-widget elementor-widget-image\" data-id=\"8d0b5bc\" data-element_type=\"widget\" data-e-type=\"widget\" data-widget_type=\"image.default\">\n\t\t\t\t<div class=\"elementor-widget-container\">\n\t\t\t\t\t\t\t\t\t\t\t\t\t\t\t<img fetchpriority=\"high\" decoding=\"async\" width=\"858\" height=\"909\" src=\"https:\/\/www.tequilaochomexico.com\/wp-content\/uploads\/2022\/08\/vista-clasica-01.jpg\" class=\"attachment-full size-full wp-image-455\" alt=\"\" srcset=\"https:\/\/www.tequilaochomexico.com\/wp-content\/uploads\/2022\/08\/vista-clasica-01.jpg 858w, https:\/\/www.tequilaochomexico.com\/wp-content\/uploads\/2022\/08\/vista-clasica-01-283x300.jpg 283w, https:\/\/www.tequilaochomexico.com\/wp-content\/uploads\/2022\/08\/vista-clasica-01-768x814.jpg 768w, https:\/\/www.tequilaochomexico.com\/wp-content\/uploads\/2022\/08\/vista-clasica-01-600x636.jpg 600w\" sizes=\"(max-width: 858px) 100vw, 858px\" \/>\t\t\t\t\t\t\t\t\t\t\t\t\t\t\t<\/div>\n\t\t\t\t<\/div>\n\t\t\t\t\t<\/div>\n\t\t<\/div>\n\t\t\t\t<div class=\"elementor-column elementor-col-50 elementor-inner-column elementor-element elementor-element-6b90b55\" data-id=\"6b90b55\" data-element_type=\"column\" data-e-type=\"column\">\n\t\t\t<div class=\"elementor-widget-wrap elementor-element-populated\">\n\t\t\t\t\t\t<div class=\"elementor-element elementor-element-800d78c elementor-widget elementor-widget-image\" data-id=\"800d78c\" data-element_type=\"widget\" data-e-type=\"widget\" data-widget_type=\"image.default\">\n\t\t\t\t<div class=\"elementor-widget-container\">\n\t\t\t\t\t\t\t\t\t\t\t\t\t\t\t<img decoding=\"async\" width=\"858\" height=\"833\" src=\"https:\/\/www.tequilaochomexico.com\/wp-content\/uploads\/2022\/08\/vista-clasica-02.jpg\" class=\"attachment-full size-full wp-image-456\" alt=\"\" srcset=\"https:\/\/www.tequilaochomexico.com\/wp-content\/uploads\/2022\/08\/vista-clasica-02.jpg 858w, https:\/\/www.tequilaochomexico.com\/wp-content\/uploads\/2022\/08\/vista-clasica-02-300x291.jpg 300w, https:\/\/www.tequilaochomexico.com\/wp-content\/uploads\/2022\/08\/vista-clasica-02-768x746.jpg 768w, https:\/\/www.tequilaochomexico.com\/wp-content\/uploads\/2022\/08\/vista-clasica-02-600x583.jpg 600w\" sizes=\"(max-width: 858px) 100vw, 858px\" \/>\t\t\t\t\t\t\t\t\t\t\t\t\t\t\t<\/div>\n\t\t\t\t<\/div>\n\t\t\t\t<div class=\"elementor-element elementor-element-886f2fa elementor-align-start elementor-icon-list--layout-traditional elementor-list-item-link-full_width elementor-widget elementor-widget-icon-list\" data-id=\"886f2fa\" data-element_type=\"widget\" data-e-type=\"widget\" data-widget_type=\"icon-list.default\">\n\t\t\t\t<div class=\"elementor-widget-container\">\n\t\t\t\t\t\t\t<ul class=\"elementor-icon-list-items\">\n\t\t\t\t\t\t\t<li class=\"elementor-icon-list-item\">\n\t\t\t\t\t\t\t\t\t\t\t<span class=\"elementor-icon-list-icon\">\n\t\t\t\t\t\t\t<svg xmlns=\"http:\/\/www.w3.org\/2000\/svg\" viewbox=\"0 0 82 82\"><defs><style>.cls-1{fill:#e7e8d4;}<\/style><\/defs><g id=\"Layer_2\" data-name=\"Layer 2\"><g id=\"Header_Footer\" data-name=\"Header \/ Footer\"><circle cx=\"41\" cy=\"41\" r=\"41\"><\/circle><path class=\"cls-1\" d=\"M20.59,20.59a.5.5,0,0,0-.1.35,6.51,6.51,0,0,0,3.57,6.25c.49.23.72.61.19.94-2.58,1.48-6.12,3.76-5.45,7.22a5.61,5.61,0,0,0,3.93,4c1.88.55,4.86-1.22,5.35-2.92.36-1.28.19-2.64-1.23-3.28-.5-.23-.69-.09-.78.46-.5,2.88-4.62.5-3-1.45a4.69,4.69,0,0,1,5.51-1.38c2.57,1.18,1.68,4.33,1.85,6.63,0,.48.19.63.63.65s4,.11,4.43.15A3.91,3.91,0,0,1,37.9,41a4,4,0,0,1-2.45,2.75c-.43,0-4,.12-4.43.14s-.63.17-.63.65c-.17,2.3.72,5.46-1.85,6.63A4.69,4.69,0,0,1,23,49.79c-1.58-1.94,2.54-4.32,3-1.45.09.55.28.7.78.47,1.42-.64,1.59-2,1.23-3.28-.49-1.71-3.47-3.48-5.35-2.93a5.63,5.63,0,0,0-3.93,4c-.67,3.46,2.87,5.74,5.45,7.23.53.33.3.7-.19.94a6.49,6.49,0,0,0-3.57,6.25.49.49,0,0,0,.1.34h0a.56.56,0,0,0,.35.11A6.51,6.51,0,0,0,27.19,58c.23-.5.61-.73.94-.2,1.48,2.59,3.76,6.13,7.22,5.46a5.63,5.63,0,0,0,4-3.93c.55-1.89-1.22-4.87-2.92-5.35-1.28-.37-2.64-.2-3.28,1.22-.23.5-.09.69.46.79,2.88.5.5,4.62-1.45,3a4.69,4.69,0,0,1-1.38-5.51c1.18-2.57,4.33-1.67,6.63-1.85.48,0,.63-.19.65-.63s.11-4,.15-4.43A3.93,3.93,0,0,1,41,44.1a4,4,0,0,1,2.75,2.45c0,.43.12,4,.14,4.43s.17.64.65.63c2.3.18,5.46-.72,6.63,1.85A4.69,4.69,0,0,1,49.79,59c-1.94,1.59-4.32-2.53-1.45-3,.55-.1.7-.29.47-.79-.64-1.42-2-1.59-3.28-1.22-1.71.48-3.48,3.46-2.93,5.35a5.65,5.65,0,0,0,4,3.93c3.46.67,5.74-2.87,7.23-5.46.33-.53.7-.3.94.2a6.49,6.49,0,0,0,6.25,3.57.55.55,0,0,0,.34-.11h0a.5.5,0,0,0,.1-.35,6.49,6.49,0,0,0-3.57-6.25c-.49-.23-.72-.61-.19-.94,2.58-1.48,6.12-3.76,5.45-7.22a5.61,5.61,0,0,0-3.93-4c-1.88-.55-4.86,1.22-5.35,2.92-.36,1.28-.19,2.64,1.23,3.28.5.23.69.09.78-.46.5-2.88,4.62-.5,3,1.45a4.69,4.69,0,0,1-5.51,1.38c-2.57-1.18-1.68-4.33-1.85-6.63,0-.48-.19-.63-.63-.65s-4-.11-4.43-.15A3.91,3.91,0,0,1,44.1,41a4,4,0,0,1,2.45-2.75c.43,0,4-.12,4.43-.14s.63-.17.63-.65c.17-2.3-.72-5.46,1.85-6.63A4.69,4.69,0,0,1,59,32.21c1.58,1.94-2.54,4.32-3,1.45-.09-.55-.28-.7-.78-.47-1.42.64-1.59,2-1.23,3.28.49,1.71,3.47,3.48,5.35,2.93a5.63,5.63,0,0,0,3.93-4c.67-3.46-2.87-5.74-5.45-7.23-.53-.33-.3-.7.19-.94a6.48,6.48,0,0,0,3.57-6.25.49.49,0,0,0-.1-.34h0a.56.56,0,0,0-.35-.11,6.51,6.51,0,0,0-6.25,3.57c-.23.5-.61.73-.94.2-1.48-2.59-3.76-6.13-7.22-5.46a5.63,5.63,0,0,0-4,3.93c-.55,1.89,1.22,4.87,2.92,5.35,1.28.37,2.64.2,3.28-1.22.23-.5.09-.69-.46-.79-2.88-.5-.5-4.62,1.45-3a4.69,4.69,0,0,1,1.38,5.51c-1.18,2.57-4.33,1.67-6.63,1.85-.48,0-.63.19-.65.63s-.11,4-.15,4.43A3.93,3.93,0,0,1,41,37.9a4,4,0,0,1-2.75-2.45c0-.43-.12-4-.14-4.43s-.17-.64-.65-.63c-2.3-.18-5.46.72-6.63-1.85A4.69,4.69,0,0,1,32.21,23c1.94-1.59,4.32,2.53,1.45,3-.55.1-.7.29-.47.79.64,1.42,2,1.59,3.28,1.22,1.71-.48,3.48-3.46,2.93-5.35a5.65,5.65,0,0,0-4-3.93c-3.46-.67-5.74,2.87-7.23,5.46-.33.53-.7.3-.94-.2a6.49,6.49,0,0,0-6.25-3.57.55.55,0,0,0-.34.11h0Z\"><\/path><\/g><\/g><\/svg>\t\t\t\t\t\t<\/span>\n\t\t\t\t\t\t\t\t\t\t<span class=\"elementor-icon-list-text\">Maridaje guiado: Chocolates y Tequila Ocho de diferentes a\u00f1ejamientos: 1 Reposado, 1 A\u00f1ejo y 1 Extra A\u00f1ejo. Todo dentro de nuestra cava de maduraci\u00f3n<\/span>\n\t\t\t\t\t\t\t\t\t<\/li>\n\t\t\t\t\t\t<\/ul>\n\t\t\t\t\t\t<\/div>\n\t\t\t\t<\/div>\n\t\t\t\t\t<\/div>\n\t\t<\/div>\n\t\t\t\t\t<\/div>\n\t\t<\/section>\n\t\t\t\t\t<\/div>\n\t\t<\/div>\n\t\t\t\t\t<\/div>\n\t\t<\/section>\n\t\t\t\t<section class=\"elementor-section elementor-top-section elementor-element elementor-element-2df684a elementor-section-boxed elementor-section-height-default elementor-section-height-default\" data-id=\"2df684a\" data-element_type=\"section\" data-e-type=\"section\" data-settings=\"{&quot;background_background&quot;:&quot;classic&quot;}\">\n\t\t\t\t\t\t<div class=\"elementor-container elementor-column-gap-default\">\n\t\t\t\t\t<div class=\"elementor-column elementor-col-100 elementor-top-column elementor-element elementor-element-a44eede\" data-id=\"a44eede\" data-element_type=\"column\" data-e-type=\"column\">\n\t\t\t<div class=\"elementor-widget-wrap elementor-element-populated\">\n\t\t\t\t\t\t<div class=\"elementor-element elementor-element-b0e7b72 elementor-widget elementor-widget-heading\" data-id=\"b0e7b72\" data-element_type=\"widget\" data-e-type=\"widget\" data-widget_type=\"heading.default\">\n\t\t\t\t<div class=\"elementor-widget-container\">\n\t\t\t\t\t<h3 class=\"elementor-heading-title elementor-size-default\">BOOK YOUR VISIT<\/h3>\t\t\t\t<\/div>\n\t\t\t\t<\/div>\n\t\t\t\t<div class=\"elementor-element elementor-element-b271341 elementor-widget elementor-widget-heading\" data-id=\"b271341\" data-element_type=\"widget\" data-e-type=\"widget\" data-widget_type=\"heading.default\">\n\t\t\t\t<div class=\"elementor-widget-container\">\n\t\t\t\t\t<span class=\"elementor-heading-title elementor-size-default\">*Groups of more than 15 people request via WhatsApp<\/span>\t\t\t\t<\/div>\n\t\t\t\t<\/div>\n\t\t\t\t\t<\/div>\n\t\t<\/div>\n\t\t\t\t\t<\/div>\n\t\t<\/section>\n\t\t\t\t<\/div>","protected":false},"excerpt":{"rendered":"<p>Barrica y chocolate Cata con nosotros nuestras famosas expresiones con madera, y vive una experiencia de maridaje con chocolates. *Grupos mayores a 15 personas solicita via whatsapp Maridaje guiado: Chocolates y Tequila Ocho de diferentes a\u00f1ejamientos: 1 Reposado, 1 A\u00f1ejo y 1 Extra A\u00f1ejo. Todo dentro de nuestra cava de maduraci\u00f3n reserva tu visita *Grupos [&hellip;]<\/p>","protected":false},"author":1,"featured_media":0,"parent":0,"menu_order":0,"comment_status":"closed","ping_status":"closed","template":"elementor_header_footer","meta":{"footnotes":""},"class_list":["post-521","page","type-page","status-publish","hentry"],"_links":{"self":[{"href":"https:\/\/www.tequilaochomexico.com\/en\/wp-json\/wp\/v2\/pages\/521","targetHints":{"allow":["GET"]}}],"collection":[{"href":"https:\/\/www.tequilaochomexico.com\/en\/wp-json\/wp\/v2\/pages"}],"about":[{"href":"https:\/\/www.tequilaochomexico.com\/en\/wp-json\/wp\/v2\/types\/page"}],"author":[{"embeddable":true,"href":"https:\/\/www.tequilaochomexico.com\/en\/wp-json\/wp\/v2\/users\/1"}],"replies":[{"embeddable":true,"href":"https:\/\/www.tequilaochomexico.com\/en\/wp-json\/wp\/v2\/comments?post=521"}],"version-history":[{"count":0,"href":"https:\/\/www.tequilaochomexico.com\/en\/wp-json\/wp\/v2\/pages\/521\/revisions"}],"wp:attachment":[{"href":"https:\/\/www.tequilaochomexico.com\/en\/wp-json\/wp\/v2\/media?parent=521"}],"curies":[{"name":"wp","href":"https:\/\/api.w.org\/{rel}","templated":true}]}}