{"id":549,"date":"2022-08-12T16:24:41","date_gmt":"2022-08-12T16:24:41","guid":{"rendered":"https:\/\/www.tequilaochomexico.com\/?page_id=549"},"modified":"2025-08-26T16:56:02","modified_gmt":"2025-08-26T22:56:02","slug":"la-cantina-de-don-tomas","status":"publish","type":"page","link":"https:\/\/www.tequilaochomexico.com\/en\/la-cantina-de-don-tomas\/","title":{"rendered":"La cantina de don Tom\u00e1s"},"content":{"rendered":"<style>.elementor-bc-flex-widget .elementor-549 .elementor-element.elementor-element-bd11ed0.elementor-column .elementor-widget-wrap{align-items:space-between;}.elementor-549 .elementor-element.elementor-element-bd11ed0.elementor-column.elementor-element[data-element_type=\"column\"] > .elementor-widget-wrap.elementor-element-populated{align-content:space-between;align-items:space-between;}.elementor-549 .elementor-element.elementor-element-bd11ed0:not(.elementor-motion-effects-element-type-background) > .elementor-widget-wrap, .elementor-549 .elementor-element.elementor-element-bd11ed0 > .elementor-widget-wrap > .elementor-motion-effects-container > .elementor-motion-effects-layer{background-image:url(\"https:\/\/www.tequilaochomexico.com\/wp-content\/uploads\/2025\/08\/PORTADA-DON-TOMAS-scaled.jpg\");background-position:center center;background-repeat:no-repeat;background-size:cover;}.elementor-549 .elementor-element.elementor-element-bd11ed0 > .elementor-element-populated{transition:background 0.3s, border 0.3s, border-radius 0.3s, box-shadow 0.3s;}.elementor-549 .elementor-element.elementor-element-bd11ed0 > .elementor-element-populated > .elementor-background-overlay{transition:background 0.3s, border-radius 0.3s, opacity 0.3s;}.elementor-549 .elementor-element.elementor-element-847e79c{--spacer-size:200px;}.elementor-549 .elementor-element.elementor-element-77edeb8{--spacer-size:200px;}.elementor-bc-flex-widget .elementor-549 .elementor-element.elementor-element-7a78434.elementor-column .elementor-widget-wrap{align-items:center;}.elementor-549 .elementor-element.elementor-element-7a78434.elementor-column.elementor-element[data-element_type=\"column\"] > .elementor-widget-wrap.elementor-element-populated{align-content:center;align-items:center;}.elementor-549 .elementor-element.elementor-element-7a78434:not(.elementor-motion-effects-element-type-background) > .elementor-widget-wrap, .elementor-549 .elementor-element.elementor-element-7a78434 > .elementor-widget-wrap > .elementor-motion-effects-container > .elementor-motion-effects-layer{background-color:#C10F39;}.elementor-549 .elementor-element.elementor-element-7a78434 > .elementor-element-populated{transition:background 0.3s, border 0.3s, border-radius 0.3s, box-shadow 0.3s;margin:0px 0px 0px 0px;--e-column-margin-right:0px;--e-column-margin-left:0px;padding:100px 100px 100px 100px;}.elementor-549 .elementor-element.elementor-element-7a78434 > .elementor-element-populated > .elementor-background-overlay{transition:background 0.3s, border-radius 0.3s, opacity 0.3s;}.elementor-549 .elementor-element.elementor-element-362c165{text-align:start;}.elementor-549 .elementor-element.elementor-element-362c165 .elementor-heading-title{font-family:\"IM Fell English\", Sans-serif;font-size:50px;text-transform:uppercase;color:#E7E8D4;}.elementor-549 .elementor-element.elementor-element-be08791{text-align:justify;font-family:\"Roboto Mono\", Sans-serif;font-size:14px;line-height:1.5em;color:#E9EAD4;width:var( --container-widget-width, 100% );max-width:100%;--container-widget-width:100%;--container-widget-flex-grow:0;}.elementor-549 .elementor-element.elementor-element-fcc81cf:not(.elementor-motion-effects-element-type-background), .elementor-549 .elementor-element.elementor-element-fcc81cf > .elementor-motion-effects-container > .elementor-motion-effects-layer{background-color:#E7E8D4;}.elementor-549 .elementor-element.elementor-element-fcc81cf{transition:background 0.3s, border 0.3s, border-radius 0.3s, box-shadow 0.3s;padding:60px 0px 100px 0px;}.elementor-549 .elementor-element.elementor-element-fcc81cf > .elementor-background-overlay{transition:background 0.3s, border-radius 0.3s, opacity 0.3s;}.elementor-549 .elementor-element.elementor-element-0c4c0fc > .elementor-element-populated{padding:0px 50px 0px 50px;}.elementor-549 .elementor-element.elementor-element-e0b707f .elementor-wrapper{--video-aspect-ratio:1;}.elementor-549 .elementor-element.elementor-element-e0b707f > .elementor-widget-container{margin:0px 0px 0px 0px;padding:-0px -0px -0px -0px;}.elementor-549 .elementor-element.elementor-element-e0b707f{width:100%;max-width:100%;}.elementor-549 .elementor-element.elementor-element-1b37300{--spacer-size:50px;}.elementor-549 .elementor-element.elementor-element-359561a{text-align:start;}.elementor-549 .elementor-element.elementor-element-359561a .elementor-heading-title{font-family:\"IM Fell English\", Sans-serif;font-size:38px;font-weight:bold;text-transform:uppercase;color:#8B4441;}.elementor-549 .elementor-element.elementor-element-359561a > .elementor-widget-container{margin:0px 0px 0px 0px;}.elementor-549 .elementor-element.elementor-element-98c450d{--grid-template-columns:repeat(0, auto);--icon-size:16px;--grid-column-gap:5px;--grid-row-gap:0px;}.elementor-549 .elementor-element.elementor-element-98c450d .elementor-widget-container{text-align:center;}.elementor-549 .elementor-element.elementor-element-98c450d .elementor-social-icon{background-color:#8B4441;}.elementor-549 .elementor-element.elementor-element-98c450d > .elementor-widget-container{padding:0px 0px 51px 0px;}.elementor-549 .elementor-element.elementor-element-79cc04d{text-align:justify;font-family:\"Roboto Mono\", Sans-serif;font-size:16px;line-height:1.5em;color:#000000;}.elementor-549 .elementor-element.elementor-element-f7a2db4{text-align:center;}.elementor-549 .elementor-element.elementor-element-f7a2db4 img{width:90%;}.elementor-549 .elementor-element.elementor-element-54159ab{text-align:start;}.elementor-549 .elementor-element.elementor-element-54159ab .elementor-heading-title{font-family:\"Kantumruy Pro\", Sans-serif;font-size:22px;font-weight:900;text-transform:uppercase;line-height:38px;letter-spacing:0.5px;word-spacing:5px;color:#000000;}.elementor-549 .elementor-element.elementor-element-54159ab > .elementor-widget-container{margin:30px 0px 0px 0px;}.elementor-549 .elementor-element.elementor-element-cfa1833{text-align:justify;font-family:\"Roboto Mono\", Sans-serif;font-size:16px;line-height:1.5em;color:#000000;}@media(min-width:768px){.elementor-549 .elementor-element.elementor-element-0c4c0fc{width:65%;}.elementor-549 .elementor-element.elementor-element-3854e52{width:34.956%;}}@media(max-width:1024px){.elementor-549 .elementor-element.elementor-element-362c165 .elementor-heading-title{font-size:40px;}.elementor-549 .elementor-element.elementor-element-0c4c0fc > .elementor-element-populated{padding:0px 10px 0px 10px;}.elementor-549 .elementor-element.elementor-element-e52b9f3{font-size:17px;}.elementor-549 .elementor-element.elementor-element-f7a2db4 img{width:100%;}}@media(max-width:767px){.elementor-549 .elementor-element.elementor-element-7a78434 > .elementor-element-populated{padding:50px 10px 50px 10px;}.elementor-549 .elementor-element.elementor-element-362c165 .elementor-heading-title{font-size:28px;}.elementor-549 .elementor-element.elementor-element-359561a .elementor-heading-title{font-size:32px;}}\/* Start Custom Fonts CSS *\/@font-face {\n\tfont-family: 'IM Fell English';\n\tfont-style: normal;\n\tfont-weight: normal;\n\tfont-display: auto;\n\tsrc: url('https:\/\/www.tequilaochomexico.com\/wp-content\/uploads\/2022\/07\/IMFellEnglish-Regular.ttf') format('truetype');\n}\n@font-face {\n\tfont-family: 'IM Fell English';\n\tfont-style: italic;\n\tfont-weight: normal;\n\tfont-display: auto;\n\tsrc: url('https:\/\/www.tequilaochomexico.com\/wp-content\/uploads\/2022\/07\/IMFellEnglish-Italic.ttf') format('truetype');\n}\n\/* End Custom Fonts CSS *\/\n\/* Start Custom Fonts CSS *\/@font-face {\n\tfont-family: 'Kantumruy Pro';\n\tfont-style: normal;\n\tfont-weight: normal;\n\tfont-display: auto;\n\tsrc: url('https:\/\/www.tequilaochomexico.com\/wp-content\/uploads\/2022\/07\/KantumruyPro-VariableFont_wght.ttf') format('truetype');\n}\n@font-face {\n\tfont-family: 'Kantumruy Pro';\n\tfont-style: italic;\n\tfont-weight: normal;\n\tfont-display: auto;\n\tsrc: url('https:\/\/www.tequilaochomexico.com\/wp-content\/uploads\/2022\/07\/KantumruyPro-Italic-VariableFont_wght.ttf') format('truetype');\n}\n\/* End Custom Fonts CSS *\/<\/style>\t\t<div data-elementor-type=\"wp-page\" data-elementor-id=\"549\" class=\"elementor elementor-549\" data-elementor-post-type=\"page\">\n\t\t\t\t\t\t<section class=\"elementor-section elementor-top-section elementor-element elementor-element-ae7abda elementor-section-full_width elementor-section-height-default elementor-section-height-default\" data-id=\"ae7abda\" data-element_type=\"section\" data-e-type=\"section\">\n\t\t\t\t\t\t<div class=\"elementor-container elementor-column-gap-default\">\n\t\t\t\t\t<div class=\"elementor-column elementor-col-50 elementor-top-column elementor-element elementor-element-bd11ed0\" data-id=\"bd11ed0\" data-element_type=\"column\" data-e-type=\"column\" data-settings=\"{&quot;background_background&quot;:&quot;classic&quot;}\">\n\t\t\t<div class=\"elementor-widget-wrap elementor-element-populated\">\n\t\t\t\t\t\t<div class=\"elementor-element elementor-element-847e79c elementor-widget elementor-widget-spacer\" data-id=\"847e79c\" data-element_type=\"widget\" data-e-type=\"widget\" data-widget_type=\"spacer.default\">\n\t\t\t\t<div class=\"elementor-widget-container\">\n\t\t\t\t\t\t\t<div class=\"elementor-spacer\">\n\t\t\t<div class=\"elementor-spacer-inner\"><\/div>\n\t\t<\/div>\n\t\t\t\t\t\t<\/div>\n\t\t\t\t<\/div>\n\t\t\t\t<div class=\"elementor-element elementor-element-77edeb8 elementor-widget elementor-widget-spacer\" data-id=\"77edeb8\" data-element_type=\"widget\" data-e-type=\"widget\" data-widget_type=\"spacer.default\">\n\t\t\t\t<div class=\"elementor-widget-container\">\n\t\t\t\t\t\t\t<div class=\"elementor-spacer\">\n\t\t\t<div class=\"elementor-spacer-inner\"><\/div>\n\t\t<\/div>\n\t\t\t\t\t\t<\/div>\n\t\t\t\t<\/div>\n\t\t\t\t\t<\/div>\n\t\t<\/div>\n\t\t\t\t<div class=\"elementor-column elementor-col-50 elementor-top-column elementor-element elementor-element-7a78434\" data-id=\"7a78434\" data-element_type=\"column\" data-e-type=\"column\" data-settings=\"{&quot;background_background&quot;:&quot;classic&quot;}\">\n\t\t\t<div class=\"elementor-widget-wrap elementor-element-populated\">\n\t\t\t\t\t\t<div class=\"elementor-element elementor-element-362c165 elementor-widget elementor-widget-heading\" data-id=\"362c165\" data-element_type=\"widget\" data-e-type=\"widget\" data-widget_type=\"heading.default\">\n\t\t\t\t<div class=\"elementor-widget-container\">\n\t\t\t\t\t<h2 class=\"elementor-heading-title elementor-size-default\">cantina hecha homenaje<\/h2>\t\t\t\t<\/div>\n\t\t\t\t<\/div>\n\t\t\t\t<div class=\"elementor-element elementor-element-be08791 elementor-widget__width-initial elementor-widget elementor-widget-text-editor\" data-id=\"be08791\" data-element_type=\"widget\" data-e-type=\"widget\" data-widget_type=\"text-editor.default\">\n\t\t\t\t<div class=\"elementor-widget-container\">\n\t\t\t\t\t\t\t\t\t<p>Creemos en celebrar la vida con alegr\u00eda, sabor y un homenaje a quienes hicieron del tequila una forma de amar a M\u00e9xico, creando una cantina que honra a Don Tom\u00e1s Estes, el co-creador de Tequila Ocho.<\/p>\n<p>Garnacha fina, tragos con piquete y un ambiente guapachoso lleno de doble sentido, m\u00fasica y folclor. Trayendo para ti, el M\u00e9xico que tanto am\u00f3 Tom\u00e1s.<\/p>\n<p><br><\/p><p>DEP. Tom\u00e1s Estes 1945 &#8211;&nbsp; 2021<\/p>\t\t\t\t\t\t\t\t<\/div>\n\t\t\t\t<\/div>\n\t\t\t\t\t<\/div>\n\t\t<\/div>\n\t\t\t\t\t<\/div>\n\t\t<\/section>\n\t\t\t\t<section class=\"elementor-section elementor-top-section elementor-element elementor-element-fcc81cf elementor-section-full_width elementor-section-height-default elementor-section-height-default\" data-id=\"fcc81cf\" data-element_type=\"section\" data-e-type=\"section\" data-settings=\"{&quot;background_background&quot;:&quot;classic&quot;}\">\n\t\t\t\t\t\t<div class=\"elementor-container elementor-column-gap-default\">\n\t\t\t\t\t<div class=\"elementor-column elementor-col-50 elementor-top-column elementor-element elementor-element-0c4c0fc\" data-id=\"0c4c0fc\" data-element_type=\"column\" data-e-type=\"column\">\n\t\t\t<div class=\"elementor-widget-wrap elementor-element-populated\">\n\t\t\t\t\t\t<div class=\"elementor-element elementor-element-e0b707f elementor-widget__width-inherit elementor-widget elementor-widget-video\" data-id=\"e0b707f\" data-element_type=\"widget\" data-e-type=\"widget\" data-settings=\"{&quot;video_type&quot;:&quot;hosted&quot;,&quot;autoplay&quot;:&quot;yes&quot;,&quot;play_on_mobile&quot;:&quot;yes&quot;,&quot;mute&quot;:&quot;yes&quot;,&quot;controls&quot;:&quot;yes&quot;}\" data-widget_type=\"video.default\">\n\t\t\t\t<div class=\"elementor-widget-container\">\n\t\t\t\t\t\t\t<div class=\"e-hosted-video elementor-wrapper elementor-open-inline\">\n\t\t\t\t\t<video class=\"elementor-video\" src=\"https:\/\/www.tequilaochomexico.com\/wp-content\/uploads\/2025\/08\/INTERACCION_CANTINA_DONTOMAS_2025_MAYO_VP_.mp4\" autoplay=\"\" controls=\"\" muted=\"muted\" playsinline=\"\" controlslist=\"nodownload\"><\/video>\n\t\t\t\t<\/div>\n\t\t\t\t\t\t<\/div>\n\t\t\t\t<\/div>\n\t\t\t\t<div class=\"elementor-element elementor-element-1b37300 elementor-widget elementor-widget-spacer\" data-id=\"1b37300\" data-element_type=\"widget\" data-e-type=\"widget\" data-widget_type=\"spacer.default\">\n\t\t\t\t<div class=\"elementor-widget-container\">\n\t\t\t\t\t\t\t<div class=\"elementor-spacer\">\n\t\t\t<div class=\"elementor-spacer-inner\"><\/div>\n\t\t<\/div>\n\t\t\t\t\t\t<\/div>\n\t\t\t\t<\/div>\n\t\t\t\t<div class=\"elementor-element elementor-element-6938d59 elementor-widget elementor-widget-image\" data-id=\"6938d59\" data-element_type=\"widget\" data-e-type=\"widget\" data-widget_type=\"image.default\">\n\t\t\t\t<div class=\"elementor-widget-container\">\n\t\t\t\t\t\t\t\t\t\t\t\t\t\t\t<img fetchpriority=\"high\" decoding=\"async\" width=\"768\" height=\"1024\" src=\"https:\/\/www.tequilaochomexico.com\/wp-content\/uploads\/2025\/08\/077_CANTINADONTOMAS_2025_JUN_FP-96-768x1024.jpg\" class=\"attachment-large size-large wp-image-3985\" alt=\"\" srcset=\"https:\/\/www.tequilaochomexico.com\/wp-content\/uploads\/2025\/08\/077_CANTINADONTOMAS_2025_JUN_FP-96-768x1024.jpg 768w, https:\/\/www.tequilaochomexico.com\/wp-content\/uploads\/2025\/08\/077_CANTINADONTOMAS_2025_JUN_FP-96-225x300.jpg 225w, https:\/\/www.tequilaochomexico.com\/wp-content\/uploads\/2025\/08\/077_CANTINADONTOMAS_2025_JUN_FP-96-1152x1536.jpg 1152w, https:\/\/www.tequilaochomexico.com\/wp-content\/uploads\/2025\/08\/077_CANTINADONTOMAS_2025_JUN_FP-96-1536x2048.jpg 1536w, https:\/\/www.tequilaochomexico.com\/wp-content\/uploads\/2025\/08\/077_CANTINADONTOMAS_2025_JUN_FP-96-9x12.jpg 9w, https:\/\/www.tequilaochomexico.com\/wp-content\/uploads\/2025\/08\/077_CANTINADONTOMAS_2025_JUN_FP-96-600x800.jpg 600w, https:\/\/www.tequilaochomexico.com\/wp-content\/uploads\/2025\/08\/077_CANTINADONTOMAS_2025_JUN_FP-96-360x480.jpg 360w, https:\/\/www.tequilaochomexico.com\/wp-content\/uploads\/2025\/08\/077_CANTINADONTOMAS_2025_JUN_FP-96-750x1000.jpg 750w, https:\/\/www.tequilaochomexico.com\/wp-content\/uploads\/2025\/08\/077_CANTINADONTOMAS_2025_JUN_FP-96-1140x1520.jpg 1140w, https:\/\/www.tequilaochomexico.com\/wp-content\/uploads\/2025\/08\/077_CANTINADONTOMAS_2025_JUN_FP-96-scaled.jpg 1920w\" sizes=\"(max-width: 768px) 100vw, 768px\" \/>\t\t\t\t\t\t\t\t\t\t\t\t\t\t\t<\/div>\n\t\t\t\t<\/div>\n\t\t\t\t\t<\/div>\n\t\t<\/div>\n\t\t\t\t<div class=\"elementor-column elementor-col-50 elementor-top-column elementor-element elementor-element-3854e52\" data-id=\"3854e52\" data-element_type=\"column\" data-e-type=\"column\">\n\t\t\t<div class=\"elementor-widget-wrap elementor-element-populated\">\n\t\t\t\t\t\t<div class=\"elementor-element elementor-element-359561a elementor-widget elementor-widget-heading\" data-id=\"359561a\" data-element_type=\"widget\" data-e-type=\"widget\" data-widget_type=\"heading.default\">\n\t\t\t\t<div class=\"elementor-widget-container\">\n\t\t\t\t\t<h3 class=\"elementor-heading-title elementor-size-default\">VISIT US!<\/h3>\t\t\t\t<\/div>\n\t\t\t\t<\/div>\n\t\t\t\t<div class=\"elementor-element elementor-element-560222e elementor-widget elementor-widget-text-editor\" data-id=\"560222e\" data-element_type=\"widget\" data-e-type=\"widget\" data-widget_type=\"text-editor.default\">\n\t\t\t\t<div class=\"elementor-widget-container\">\n\t\t\t\t\t\t\t\t\t<pre><strong>Lunes<\/strong> de 1:00 pm a 8:00 pm<br \/><strong>Mi\u00e9rcoles a Viernes<\/strong> de 1:00 pm a 11:00 pm<br \/><br \/><b>S\u00e1bado<\/b> de 1:00 pm a 1:00 am<\/pre><pre style=\"font-size: 15px;\"><span style=\"font-weight: bold;\">Domingo <\/span>de 1:00 pm a 8:00 pm<\/pre><pre>Informes v\u00eda <a href=\"https:\/\/wa.me\/+5213481006234\"><strong>WhatsApp<\/strong><\/a><\/pre>\t\t\t\t\t\t\t\t<\/div>\n\t\t\t\t<\/div>\n\t\t\t\t<div class=\"elementor-element elementor-element-e52b9f3 elementor-widget elementor-widget-text-editor\" data-id=\"e52b9f3\" data-element_type=\"widget\" data-e-type=\"widget\" data-widget_type=\"text-editor.default\">\n\t\t\t\t<div class=\"elementor-widget-container\">\n\t\t\t\t\t\t\t\t\t<p><b>Conoce nuestro men\u00fa\u00a0<a style=\"background-color: #e7e8d4;\" href=\"https:\/\/publuu.com\/flip-book\/206286\/520895?disablelogs=1\" target=\"_blank\" rel=\"noopener\">aqu\u00ed.<\/a><\/b><\/p>\t\t\t\t\t\t\t\t<\/div>\n\t\t\t\t<\/div>\n\t\t\t\t<div class=\"elementor-element elementor-element-98c450d elementor-shape-circle elementor-grid-0 e-grid-align-center elementor-widget elementor-widget-social-icons\" data-id=\"98c450d\" data-element_type=\"widget\" data-e-type=\"widget\" data-widget_type=\"social-icons.default\">\n\t\t\t\t<div class=\"elementor-widget-container\">\n\t\t\t\t\t\t\t<div class=\"elementor-social-icons-wrapper elementor-grid\">\n\t\t\t\t\t\t\t<span class=\"elementor-grid-item\">\n\t\t\t\t\t<a class=\"elementor-icon elementor-social-icon elementor-social-icon-instagram elementor-repeater-item-791d58a\" href=\"https:\/\/www.instagram.com\/cantinadontomas\/\" target=\"_blank\">\n\t\t\t\t\t\t<span class=\"elementor-screen-only\">Instagram<\/span>\n\t\t\t\t\t\t<i aria-hidden=\"true\" class=\"fab fa-instagram\"><\/i>\t\t\t\t\t<\/a>\n\t\t\t\t<\/span>\n\t\t\t\t\t<\/div>\n\t\t\t\t\t\t<\/div>\n\t\t\t\t<\/div>\n\t\t\t\t<div class=\"elementor-element elementor-element-536404d elementor-widget elementor-widget-image\" data-id=\"536404d\" data-element_type=\"widget\" data-e-type=\"widget\" data-widget_type=\"image.default\">\n\t\t\t\t<div class=\"elementor-widget-container\">\n\t\t\t\t\t\t\t\t\t\t\t\t\t\t\t<img decoding=\"async\" width=\"768\" height=\"1024\" src=\"https:\/\/www.tequilaochomexico.com\/wp-content\/uploads\/2025\/08\/077_CANTINADONTOMAS_2025_JUN_FP-76-768x1024.jpg\" class=\"attachment-large size-large wp-image-3984\" alt=\"\" srcset=\"https:\/\/www.tequilaochomexico.com\/wp-content\/uploads\/2025\/08\/077_CANTINADONTOMAS_2025_JUN_FP-76-768x1024.jpg 768w, https:\/\/www.tequilaochomexico.com\/wp-content\/uploads\/2025\/08\/077_CANTINADONTOMAS_2025_JUN_FP-76-225x300.jpg 225w, https:\/\/www.tequilaochomexico.com\/wp-content\/uploads\/2025\/08\/077_CANTINADONTOMAS_2025_JUN_FP-76-1152x1536.jpg 1152w, https:\/\/www.tequilaochomexico.com\/wp-content\/uploads\/2025\/08\/077_CANTINADONTOMAS_2025_JUN_FP-76-1536x2048.jpg 1536w, https:\/\/www.tequilaochomexico.com\/wp-content\/uploads\/2025\/08\/077_CANTINADONTOMAS_2025_JUN_FP-76-9x12.jpg 9w, https:\/\/www.tequilaochomexico.com\/wp-content\/uploads\/2025\/08\/077_CANTINADONTOMAS_2025_JUN_FP-76-600x800.jpg 600w, https:\/\/www.tequilaochomexico.com\/wp-content\/uploads\/2025\/08\/077_CANTINADONTOMAS_2025_JUN_FP-76-360x480.jpg 360w, https:\/\/www.tequilaochomexico.com\/wp-content\/uploads\/2025\/08\/077_CANTINADONTOMAS_2025_JUN_FP-76-750x1000.jpg 750w, https:\/\/www.tequilaochomexico.com\/wp-content\/uploads\/2025\/08\/077_CANTINADONTOMAS_2025_JUN_FP-76-1140x1520.jpg 1140w, https:\/\/www.tequilaochomexico.com\/wp-content\/uploads\/2025\/08\/077_CANTINADONTOMAS_2025_JUN_FP-76-scaled.jpg 1920w\" sizes=\"(max-width: 768px) 100vw, 768px\" \/>\t\t\t\t\t\t\t\t\t\t\t\t\t\t\t<\/div>\n\t\t\t\t<\/div>\n\t\t\t\t<div class=\"elementor-element elementor-element-f7a2db4 elementor-hidden-desktop elementor-hidden-tablet elementor-hidden-mobile elementor-widget elementor-widget-image\" data-id=\"f7a2db4\" data-element_type=\"widget\" data-e-type=\"widget\" data-widget_type=\"image.default\">\n\t\t\t\t<div class=\"elementor-widget-container\">\n\t\t\t\t\t\t\t\t\t\t\t\t\t\t\t\t<a href=\"https:\/\/www.tequilaochomexico.com\/en\/tours-2\/\">\n\t\t\t\t\t\t\t<img decoding=\"async\" width=\"547\" height=\"499\" src=\"https:\/\/www.tequilaochomexico.com\/wp-content\/uploads\/2022\/08\/tomas-experiencia-img.png\" class=\"attachment-full size-full wp-image-633\" alt=\"\" srcset=\"https:\/\/www.tequilaochomexico.com\/wp-content\/uploads\/2022\/08\/tomas-experiencia-img.png 547w, https:\/\/www.tequilaochomexico.com\/wp-content\/uploads\/2022\/08\/tomas-experiencia-img-300x274.png 300w\" sizes=\"(max-width: 547px) 100vw, 547px\" \/>\t\t\t\t\t\t\t\t<\/a>\n\t\t\t\t\t\t\t\t\t\t\t\t\t\t\t<\/div>\n\t\t\t\t<\/div>\n\t\t\t\t\t<\/div>\n\t\t<\/div>\n\t\t\t\t\t<\/div>\n\t\t<\/section>\n\t\t\t\t<\/div>","protected":false},"excerpt":{"rendered":"<p>cantina hecha homenaje Creemos en celebrar la vida con alegr\u00eda, sabor y un homenaje a quienes hicieron del tequila una forma de amar a M\u00e9xico, creando una cantina que honra a Don Tom\u00e1s Estes, el co-creador de Tequila Ocho. Garnacha fina, tragos con piquete y un ambiente guapachoso lleno de doble sentido, m\u00fasica y folclor. [&hellip;]<\/p>","protected":false},"author":1,"featured_media":0,"parent":0,"menu_order":0,"comment_status":"closed","ping_status":"closed","template":"elementor_header_footer","meta":{"footnotes":""},"class_list":["post-549","page","type-page","status-publish","hentry"],"_links":{"self":[{"href":"https:\/\/www.tequilaochomexico.com\/en\/wp-json\/wp\/v2\/pages\/549","targetHints":{"allow":["GET"]}}],"collection":[{"href":"https:\/\/www.tequilaochomexico.com\/en\/wp-json\/wp\/v2\/pages"}],"about":[{"href":"https:\/\/www.tequilaochomexico.com\/en\/wp-json\/wp\/v2\/types\/page"}],"author":[{"embeddable":true,"href":"https:\/\/www.tequilaochomexico.com\/en\/wp-json\/wp\/v2\/users\/1"}],"replies":[{"embeddable":true,"href":"https:\/\/www.tequilaochomexico.com\/en\/wp-json\/wp\/v2\/comments?post=549"}],"version-history":[{"count":63,"href":"https:\/\/www.tequilaochomexico.com\/en\/wp-json\/wp\/v2\/pages\/549\/revisions"}],"predecessor-version":[{"id":4093,"href":"https:\/\/www.tequilaochomexico.com\/en\/wp-json\/wp\/v2\/pages\/549\/revisions\/4093"}],"wp:attachment":[{"href":"https:\/\/www.tequilaochomexico.com\/en\/wp-json\/wp\/v2\/media?parent=549"}],"curies":[{"name":"wp","href":"https:\/\/api.w.org\/{rel}","templated":true}]}}