{"id":4125,"date":"2025-10-14T11:52:23","date_gmt":"2025-10-14T17:52:23","guid":{"rendered":"https:\/\/www.tequilaochomexico.com\/?post_type=product&#038;p=4125"},"modified":"2026-04-28T16:15:13","modified_gmt":"2026-04-28T22:15:13","slug":"tequila-ocho-reposado-barrel-proof-las-raices-2024","status":"publish","type":"product","link":"https:\/\/www.tequilaochomexico.com\/en\/product\/tequila-ocho-reposado-barrel-proof-las-raices-2024\/","title":{"rendered":"TEQUILA OCHO REPOSADO BARREL PROOF LA MESA 2025"},"content":{"rendered":"<p>Tequila 100% de Agave<\/p>\n<p><span data-sheets-value=\"{&quot;1&quot;:2,&quot;2&quot;:&quot;Categor\u00eda: 100% de Agave. Graduaci\u00f3n Alcoh\u00f3lica: 40% Alc. Vol. Reposado en barricas de Roble Americano por ocho semanas y ocho d\u00edas.&quot;}\" data-sheets-userformat=\"{&quot;2&quot;:14785,&quot;3&quot;:{&quot;1&quot;:0,&quot;3&quot;:1},&quot;9&quot;:0,&quot;10&quot;:1,&quot;11&quot;:4,&quot;14&quot;:{&quot;1&quot;:3,&quot;3&quot;:1},&quot;15&quot;:&quot;Cambria&quot;,&quot;16&quot;:12}\" data-sheets-textstyleruns=\"{&quot;1&quot;:0,&quot;2&quot;:{&quot;2&quot;:{&quot;1&quot;:3,&quot;3&quot;:1},&quot;3&quot;:&quot;Cambria&quot;,&quot;4&quot;:12,&quot;5&quot;:1}}\uee10{&quot;1&quot;:11,&quot;2&quot;:{&quot;2&quot;:{&quot;1&quot;:3,&quot;3&quot;:1},&quot;3&quot;:&quot;Cambria&quot;,&quot;4&quot;:12}}\uee10{&quot;1&quot;:27,&quot;2&quot;:{&quot;2&quot;:{&quot;1&quot;:3,&quot;3&quot;:1},&quot;3&quot;:&quot;Cambria&quot;,&quot;4&quot;:12,&quot;5&quot;:1}}\uee10{&quot;1&quot;:51,&quot;2&quot;:{&quot;2&quot;:{&quot;1&quot;:3,&quot;3&quot;:1},&quot;3&quot;:&quot;Cambria&quot;,&quot;4&quot;:12}}\">Graduaci\u00f3n Alcoh\u00f3lica: 50.5% Alc. Vol.<\/span><\/p>\n<p>&nbsp;<\/p>","protected":false},"excerpt":{"rendered":"<p><strong>Predio: La Mesa 2025<\/strong><\/p>\n<p><strong>Graduaci\u00f3n Alcoh\u00f3lica: 50.5% Alc. Vol.<\/strong><\/p>\n<p class=\"\" data-pm-slice=\"1 1 []\"><strong>Reposado Barrel Proof, <\/strong>una expresi\u00f3n de edici\u00f3n limitada que combina potencia, complejidad y respeto absoluto por el agave.<\/p>\n<p class=\"\">El maestro tequilero <strong>Carlos Camarena<\/strong> seleccion\u00f3 agaves sobremaduros. Este tequila se <strong>repos\u00f3 por cuatro meses<\/strong> en barricas americanas de whiskey muy usadas \u2014<strong>dos veces m\u00e1s<\/strong> que el Reposado cl\u00e1sico de Ocho\u2014 y se embotella <strong>a 50.5% ABV (101 proof)<\/strong>.<\/p>\n<p class=\"\">El resultado: un tequila intenso, con <strong>notas de agave fresco, especias, chocolate oscuro, caramelo y un toque de pimienta blanca<\/strong>, que mantiene la esencia dulce, floral y mineral caracter\u00edstica de Ocho.<\/p>\n<p>*Order delivery takes 4 to 5 business days.<\/p>","protected":false},"featured_media":4419,"comment_status":"closed","ping_status":"closed","template":"","meta":[],"product_brand":[],"product_cat":[32],"product_tag":[],"class_list":{"0":"post-4125","1":"product","2":"type-product","3":"status-publish","4":"has-post-thumbnail","6":"product_cat-reposado","7":"product_shipping_class-envio-280-00-pesos","9":"first","10":"instock","11":"shipping-taxable","12":"purchasable","13":"product-type-simple"},"_links":{"self":[{"href":"https:\/\/www.tequilaochomexico.com\/en\/wp-json\/wp\/v2\/product\/4125","targetHints":{"allow":["GET"]}}],"collection":[{"href":"https:\/\/www.tequilaochomexico.com\/en\/wp-json\/wp\/v2\/product"}],"about":[{"href":"https:\/\/www.tequilaochomexico.com\/en\/wp-json\/wp\/v2\/types\/product"}],"replies":[{"embeddable":true,"href":"https:\/\/www.tequilaochomexico.com\/en\/wp-json\/wp\/v2\/comments?post=4125"}],"wp:featuredmedia":[{"embeddable":true,"href":"https:\/\/www.tequilaochomexico.com\/en\/wp-json\/wp\/v2\/media\/4419"}],"wp:attachment":[{"href":"https:\/\/www.tequilaochomexico.com\/en\/wp-json\/wp\/v2\/media?parent=4125"}],"wp:term":[{"taxonomy":"product_brand","embeddable":true,"href":"https:\/\/www.tequilaochomexico.com\/en\/wp-json\/wp\/v2\/product_brand?post=4125"},{"taxonomy":"product_cat","embeddable":true,"href":"https:\/\/www.tequilaochomexico.com\/en\/wp-json\/wp\/v2\/product_cat?post=4125"},{"taxonomy":"product_tag","embeddable":true,"href":"https:\/\/www.tequilaochomexico.com\/en\/wp-json\/wp\/v2\/product_tag?post=4125"}],"curies":[{"name":"wp","href":"https:\/\/api.w.org\/{rel}","templated":true}]}}