{"id":4137,"date":"2025-10-16T09:34:30","date_gmt":"2025-10-16T15:34:30","guid":{"rendered":"https:\/\/www.tequilaochomexico.com\/?post_type=product&#038;p=4137"},"modified":"2026-04-28T16:13:51","modified_gmt":"2026-04-28T22:13:51","slug":"tequila-ocho-extra-anejo-la-mula-202134","status":"publish","type":"product","link":"https:\/\/www.tequilaochomexico.com\/en\/product\/tequila-ocho-extra-anejo-la-mula-202134\/","title":{"rendered":"TEQUILA OCHO EXTRA A\u00d1EJO LA MULA 2021"},"content":{"rendered":"<p>Tequila 100% de Agave<\/p>\n<p><span data-sheets-value=\"{&quot;1&quot;:2,&quot;2&quot;:&quot;Categor\u00eda: 100% de Agave. Graduaci\u00f3n Alcoh\u00f3lica: 40% Alc. Vol. Reposado en barricas de Roble Americano por ocho semanas y ocho d\u00edas.&quot;}\" data-sheets-userformat=\"{&quot;2&quot;:14785,&quot;3&quot;:{&quot;1&quot;:0,&quot;3&quot;:1},&quot;9&quot;:0,&quot;10&quot;:1,&quot;11&quot;:4,&quot;14&quot;:{&quot;1&quot;:3,&quot;3&quot;:1},&quot;15&quot;:&quot;Cambria&quot;,&quot;16&quot;:12}\" data-sheets-textstyleruns=\"{&quot;1&quot;:0,&quot;2&quot;:{&quot;2&quot;:{&quot;1&quot;:3,&quot;3&quot;:1},&quot;3&quot;:&quot;Cambria&quot;,&quot;4&quot;:12,&quot;5&quot;:1}}\uee10{&quot;1&quot;:11,&quot;2&quot;:{&quot;2&quot;:{&quot;1&quot;:3,&quot;3&quot;:1},&quot;3&quot;:&quot;Cambria&quot;,&quot;4&quot;:12}}\uee10{&quot;1&quot;:27,&quot;2&quot;:{&quot;2&quot;:{&quot;1&quot;:3,&quot;3&quot;:1},&quot;3&quot;:&quot;Cambria&quot;,&quot;4&quot;:12,&quot;5&quot;:1}}\uee10{&quot;1&quot;:51,&quot;2&quot;:{&quot;2&quot;:{&quot;1&quot;:3,&quot;3&quot;:1},&quot;3&quot;:&quot;Cambria&quot;,&quot;4&quot;:12}}\">Alcohol content: 40% Alc. Vol.<\/span><\/p>","protected":false},"excerpt":{"rendered":"<p>3 years in American oak barrels previously used for Bourbon. A more complex blend of sweetness, wood and of course, agave. Delicious and unique!<\/p>\n<p><strong>Estate:<\/strong> La Mula 2021<\/p>\n<p>*Order delivery takes 4 to 5 business days.<\/p>","protected":false},"featured_media":4418,"comment_status":"closed","ping_status":"closed","template":"","meta":[],"product_brand":[],"product_cat":[121],"product_tag":[],"class_list":{"0":"post-4137","1":"product","2":"type-product","3":"status-publish","4":"has-post-thumbnail","6":"product_cat-extra-anejo","7":"product_shipping_class-envio-280-00-pesos","9":"first","10":"instock","11":"shipping-taxable","12":"purchasable","13":"product-type-simple"},"_links":{"self":[{"href":"https:\/\/www.tequilaochomexico.com\/en\/wp-json\/wp\/v2\/product\/4137","targetHints":{"allow":["GET"]}}],"collection":[{"href":"https:\/\/www.tequilaochomexico.com\/en\/wp-json\/wp\/v2\/product"}],"about":[{"href":"https:\/\/www.tequilaochomexico.com\/en\/wp-json\/wp\/v2\/types\/product"}],"replies":[{"embeddable":true,"href":"https:\/\/www.tequilaochomexico.com\/en\/wp-json\/wp\/v2\/comments?post=4137"}],"wp:featuredmedia":[{"embeddable":true,"href":"https:\/\/www.tequilaochomexico.com\/en\/wp-json\/wp\/v2\/media\/4418"}],"wp:attachment":[{"href":"https:\/\/www.tequilaochomexico.com\/en\/wp-json\/wp\/v2\/media?parent=4137"}],"wp:term":[{"taxonomy":"product_brand","embeddable":true,"href":"https:\/\/www.tequilaochomexico.com\/en\/wp-json\/wp\/v2\/product_brand?post=4137"},{"taxonomy":"product_cat","embeddable":true,"href":"https:\/\/www.tequilaochomexico.com\/en\/wp-json\/wp\/v2\/product_cat?post=4137"},{"taxonomy":"product_tag","embeddable":true,"href":"https:\/\/www.tequilaochomexico.com\/en\/wp-json\/wp\/v2\/product_tag?post=4137"}],"curies":[{"name":"wp","href":"https:\/\/api.w.org\/{rel}","templated":true}]}}